{"id":17,"date":"2025-01-12T11:11:37","date_gmt":"2025-01-12T10:11:37","guid":{"rendered":"https:\/\/auso26.ch\/?page_id=17"},"modified":"2025-10-14T08:43:42","modified_gmt":"2025-10-14T07:43:42","slug":"kontakt","status":"publish","type":"page","link":"https:\/\/auso26.ch\/?page_id=17","title":{"rendered":"Kontakt"},"content":{"rendered":"<nav class=\"is-responsive wp-block-navigation is-horizontal is-layout-flex wp-container-core-navigation-is-layout-4678862f wp-block-navigation-is-layout-flex\" aria-label=\"Navigationsmen\u00fc\" \n\t\t data-wp-interactive=\"core\/navigation\" data-wp-context='{\"overlayOpenedBy\":{\"click\":false,\"hover\":false,\"focus\":false},\"type\":\"overlay\",\"roleAttribute\":\"\",\"ariaLabel\":\"Men\\u00fc\"}'><button aria-haspopup=\"dialog\" aria-label=\"Men\u00fc \u00f6ffnen\" class=\"wp-block-navigation__responsive-container-open\" \n\t\t\t\tdata-wp-on--click=\"actions.openMenuOnClick\"\n\t\t\t\tdata-wp-on--keydown=\"actions.handleMenuKeydown\"\n\t\t\t><svg width=\"24\" height=\"24\" xmlns=\"http:\/\/www.w3.org\/2000\/svg\" viewBox=\"0 0 24 24\" aria-hidden=\"true\" focusable=\"false\"><path d=\"M4 7.5h16v1.5H4z\"><\/path><path d=\"M4 15h16v1.5H4z\"><\/path><\/svg><\/button>\n\t\t\t\t<div class=\"wp-block-navigation__responsive-container\"  id=\"modal-1\" \n\t\t\t\tdata-wp-class--has-modal-open=\"state.isMenuOpen\"\n\t\t\t\tdata-wp-class--is-menu-open=\"state.isMenuOpen\"\n\t\t\t\tdata-wp-watch=\"callbacks.initMenu\"\n\t\t\t\tdata-wp-on--keydown=\"actions.handleMenuKeydown\"\n\t\t\t\tdata-wp-on--focusout=\"actions.handleMenuFocusout\"\n\t\t\t\ttabindex=\"-1\"\n\t\t\t>\n\t\t\t\t\t<div class=\"wp-block-navigation__responsive-close\" tabindex=\"-1\">\n\t\t\t\t\t\t<div class=\"wp-block-navigation__responsive-dialog\" \n\t\t\t\tdata-wp-bind--aria-modal=\"state.ariaModal\"\n\t\t\t\tdata-wp-bind--aria-label=\"state.ariaLabel\"\n\t\t\t\tdata-wp-bind--role=\"state.roleAttribute\"\n\t\t\t>\n\t\t\t\t\t\t\t<button aria-label=\"Men\u00fc schlie\u00dfen\" class=\"wp-block-navigation__responsive-container-close\" \n\t\t\t\tdata-wp-on--click=\"actions.closeMenuOnClick\"\n\t\t\t><svg xmlns=\"http:\/\/www.w3.org\/2000\/svg\" viewBox=\"0 0 24 24\" width=\"24\" height=\"24\" aria-hidden=\"true\" focusable=\"false\"><path d=\"m13.06 12 6.47-6.47-1.06-1.06L12 10.94 5.53 4.47 4.47 5.53 10.94 12l-6.47 6.47 1.06 1.06L12 13.06l6.47 6.47 1.06-1.06L13.06 12Z\"><\/path><\/svg><\/button>\n\t\t\t\t\t\t\t<div class=\"wp-block-navigation__responsive-container-content\" \n\t\t\t\tdata-wp-watch=\"callbacks.focusFirstElement\"\n\t\t\t id=\"modal-1-content\">\n\t\t\t\t\t\t\t\t\n<div class=\"wp-block-buttons is-layout-flex wp-block-buttons-is-layout-flex\">\n<div class=\"wp-block-button\"><a class=\"wp-block-button__link wp-element-button\" href=\"https:\/\/auso26.ch\/\">News<\/a><\/div>\n<\/div>\n\n<div class=\"wp-block-buttons is-layout-flex wp-block-buttons-is-layout-flex\">\n<div class=\"wp-block-button\"><a class=\"wp-block-button__link wp-element-button\" href=\"https:\/\/auso26.ch\/?page_id=323\">Lager<\/a><\/div>\n\n\n\n<div class=\"wp-block-button\"><a class=\"wp-block-button__link wp-element-button\" href=\"https:\/\/auso26.ch\/?page_id=169\">Organisation<\/a><\/div>\n<\/div>\n\n<div class=\"wp-block-buttons is-layout-flex wp-block-buttons-is-layout-flex\">\n<div class=\"wp-block-button is-style-fill\"><a class=\"wp-block-button__link wp-element-button\" href=\"https:\/\/auso26.ch\/?page_id=17\">Kontakt<\/a><\/div>\n<\/div>\n\n\t\t\t\t\t\t\t<\/div>\n\t\t\t\t\t\t<\/div>\n\t\t\t\t\t<\/div>\n\t\t\t\t<\/div><\/nav>\n\n\n<div style=\"height:160px\" aria-hidden=\"true\" class=\"wp-block-spacer\"><\/div>\n\n\n\n<div class=\"wp-block-group alignfull is-layout-flow wp-block-group-is-layout-flow\">\n<h2 class=\"wp-block-heading has-text-align-center is-style-text-subtitle has-xx-large-font-size is-style-text-subtitle--2\" style=\"margin-right:0;margin-left:0;padding-right:0;padding-left:0\">Ansprechpersonen und FAQ<\/h2>\n\n\n\n<div style=\"height:215px\" aria-hidden=\"true\" class=\"wp-block-spacer\"><\/div>\n\n\n\n<figure class=\"wp-block-image aligncenter size-full is-resized has-custom-border\" style=\"margin-top:0;margin-bottom:0\"><a href=\"https:\/\/auso26.ch\/?attachment_id=293\"><img loading=\"lazy\" decoding=\"async\" width=\"82\" height=\"202\" src=\"https:\/\/auso26.ch\/wp-content\/uploads\/2025\/10\/Element-2@300x.png\" alt=\"\" class=\"wp-image-293\" style=\"border-style:none;border-width:0px;border-radius:0px;width:20px\"\/><\/a><\/figure>\n<\/div>\n\n\n\n<div style=\"height:40px\" aria-hidden=\"true\" class=\"wp-block-spacer\"><\/div>\n\n\n\n<div class=\"wp-block-group alignfull has-accent-5-background-color has-background has-global-padding is-layout-constrained wp-block-group-is-layout-constrained\">\n<div style=\"height:53px\" aria-hidden=\"true\" class=\"wp-block-spacer\"><\/div>\n\n\n\n<p class=\"is-style-text-subtitle is-style-text-subtitle--3\">Ansprechpersonen<\/p>\n\n\n\n<p><br>Falls du Anliegen oder Fragen hast, darfst du dich nebst deinen Einheitsleitenden gerne bei einer der folgenden Anlaufstellen melden:<\/p>\n\n\n\n<p><br>Ressort Kommunikation Nah-Lin &amp; Pepp <br><a href=\"mailto:info@auso26.ch\">info@auso26.ch<\/a><\/p>\n\n\n\n<p>Abteilungsleitung Chutze Mira <br><a href=\"mailto:mira@chutze.ch\">mira@chutze.ch<\/a><br><br>Abteilungsleitung Kuonolf Fiava <br><a href=\"mailto:fiava@kuonolf.ch\">fiava@kuonolf.ch<\/a><\/p>\n\n\n\n<p>Abteilungsleitung Worb Felice<br><a href=\"mailto:felice@pfadiworb.ch\">felice@pfadiworb.ch<\/a><\/p>\n\n\n\n<p>Abteilungsleitung Hochwacht Gaucho<br><a href=\"mailto:gaucho@pfadi-hochwacht-langnau.ch\">gaucho@pfadi-hochwacht-langnau.ch<\/a><\/p>\n\n\n\n<p>&#8230; oder sprich uns direkt an bei einem Anlass oder an einer Aktivit\u00e4ten<\/p>\n\n\n\n<div style=\"height:41px\" aria-hidden=\"true\" class=\"wp-block-spacer\"><\/div>\n<\/div>\n\n\n\n<div style=\"height:100px\" aria-hidden=\"true\" class=\"wp-block-spacer\"><\/div>\n\n\n\n<div class=\"wp-block-group alignfull has-accent-5-background-color has-background has-global-padding is-layout-constrained wp-block-group-is-layout-constrained\">\n<div style=\"height:36px\" aria-hidden=\"true\" class=\"wp-block-spacer\"><\/div>\n\n\n\n<p class=\"is-style-text-subtitle is-style-text-subtitle--4\">FAQ<\/p>\n\n\n\n<p><br><em>Ist meine Anmeldung angekommen?<\/em><br><br>Du solltest nach dem Absenden der Anmeldung eine Best\u00e4tigungsmail erhalten. Falls dies nicht der Fall sein sollte, schickst du bitte das Formular erneut ab oder meldest dich bei uns info@auso26.ch<\/p>\n\n\n\n<div style=\"height:53px\" aria-hidden=\"true\" class=\"wp-block-spacer\"><\/div>\n\n\n\n<p><em>Das AuSo26 stellt eine finanzielle H\u00fcrde dar. Was tue ich?<br><\/em><br>Melde dich ungeniert bei jemandem von uns:<br>Ressort Finanzen (<a href=\"mailto:fina@auso26.ch\">fina@auso26.ch<\/a>), Kommunikation (<a href=\"mailto:info@auso26.ch\">info@auso26.ch<\/a>) oder bei deinen AL\/Leitpersonen des Vertrauens. Gerne werden wir vertraulich mit dir eine passende L\u00f6sung finden. Der Lagerbeitrag soll kein Grund sein, warum jemand nicht im AuSo26 dabei sein kann.<\/p>\n\n\n\n<div style=\"height:53px\" aria-hidden=\"true\" class=\"wp-block-spacer\"><\/div>\n\n\n\n<p><em>Ich finde ein Mail mit den Infobriefen nicht mehr&#8230;<\/em><br><em><br><\/em>Die Infobriefe sind auf der Webseite folgendermassen zu finden:<\/p>\n\n\n\n<div class=\"wp-block-group is-style-default is-vertical is-content-justification-left is-layout-flex wp-container-core-group-is-layout-767e7b45 wp-block-group-is-layout-flex\" style=\"border-style:none;border-width:0px;min-height:0px;padding-top:0;padding-bottom:0\">\n<h5 class=\"wp-block-heading has-text-align-center is-style-text-annotation has-medium-font-size is-style-text-annotation--5\"><a href=\"https:\/\/auso26.ch\/\" data-type=\"page\" data-id=\"115\">hier<\/a><\/h5>\n<\/div>\n\n\n\n<div style=\"height:53px\" aria-hidden=\"true\" class=\"wp-block-spacer\"><\/div>\n\n\n\n<p><em>Ich reise selbst\u00e4ndig an oder ab. Gibt es einen Verminderung des Lagerbeitrags?<\/em><br><br>Nein, das ist nicht vorgesehen.<\/p>\n\n\n\n<div style=\"height:53px\" aria-hidden=\"true\" class=\"wp-block-spacer\"><\/div>\n\n\n\n<p><em>Darf das Handy mitnehmen ins Lager? <\/em><\/p>\n\n\n\n<p>Wird durch die Unterlager individuell festgelegt.<br><br><em>Wenn ja, gibt es Ladem\u00f6glichkeiten? <\/em><\/p>\n\n\n\n<p>Ladem\u00f6glichkeiten sind nur sehr begrenzt vorhanden und nur f\u00fcr Leitpersonen zug\u00e4nglich.<\/p>\n\n\n\n<div style=\"height:89px\" aria-hidden=\"true\" class=\"wp-block-spacer\"><\/div>\n\n\n\n<p>Hast du eine Frage? Dann schreibe uns direkt: <\/p>\n\n\n\t<div id=\"respond\" class=\"comment-respond wp-block-post-comments-form\">\n\t\t<h3 id=\"reply-title\" class=\"comment-reply-title\">Schreibe einen Kommentar <small><a rel=\"nofollow\" id=\"cancel-comment-reply-link\" href=\"\/index.php?rest_route=%2Fwp%2Fv2%2Fpages%2F17#respond\" style=\"display:none;\">Antwort abbrechen<\/a><\/small><\/h3><form action=\"https:\/\/auso26.ch\/wp-comments-post.php\" method=\"post\" id=\"commentform\" class=\"comment-form\"><p class=\"comment-notes\"><span id=\"email-notes\">Deine E-Mail-Adresse wird nicht ver\u00f6ffentlicht.<\/span> <span class=\"required-field-message\">Erforderliche Felder sind mit <span class=\"required\">*<\/span> markiert<\/span><\/p><p class=\"comment-form-comment\"><label for=\"comment\">Kommentar <span class=\"required\">*<\/span><\/label> <textarea id=\"comment\" name=\"comment\" cols=\"45\" rows=\"8\" maxlength=\"65525\" required><\/textarea><\/p><p class=\"comment-form-author\"><label for=\"author\">Name <span class=\"required\">*<\/span><\/label> <input id=\"author\" name=\"author\" type=\"text\" value=\"\" size=\"30\" maxlength=\"245\" autocomplete=\"name\" required \/><\/p>\n<p class=\"comment-form-email\"><label for=\"email\">E-Mail-Adresse <span class=\"required\">*<\/span><\/label> <input id=\"email\" name=\"email\" type=\"email\" value=\"\" size=\"30\" maxlength=\"100\" aria-describedby=\"email-notes\" autocomplete=\"email\" required \/><\/p>\n<p class=\"comment-form-url\"><label for=\"url\">Website<\/label> <input id=\"url\" name=\"url\" type=\"url\" value=\"\" size=\"30\" maxlength=\"200\" autocomplete=\"url\" \/><\/p>\n<p class=\"comment-form-cookies-consent\"><input id=\"wp-comment-cookies-consent\" name=\"wp-comment-cookies-consent\" type=\"checkbox\" value=\"yes\" \/> <label for=\"wp-comment-cookies-consent\">Meinen Namen, meine E-Mail-Adresse und meine Website in diesem Browser f\u00fcr die n\u00e4chste Kommentierung speichern.<\/label><\/p>\n<p class=\"form-submit wp-block-button\"><input name=\"submit\" type=\"submit\" id=\"submit\" class=\"wp-block-button__link wp-element-button\" value=\"Kommentar abschicken\" \/> <input type='hidden' name='comment_post_ID' value='17' id='comment_post_ID' \/>\n<input type='hidden' name='comment_parent' id='comment_parent' value='0' \/>\n<\/p><p style=\"display: none;\"><input type=\"hidden\" id=\"akismet_comment_nonce\" name=\"akismet_comment_nonce\" value=\"49e538ba4e\" \/><\/p><p style=\"display: none !important;\" class=\"akismet-fields-container\" data-prefix=\"ak_\"><label>&#916;<textarea name=\"ak_hp_textarea\" cols=\"45\" rows=\"8\" maxlength=\"100\"><\/textarea><\/label><input type=\"hidden\" id=\"ak_js_1\" name=\"ak_js\" value=\"29\"\/><script>document.getElementById( \"ak_js_1\" ).setAttribute( \"value\", ( new Date() ).getTime() );<\/script><\/p><\/form>\t<\/div><!-- #respond -->\n\t\n\n\n<div style=\"height:41px\" aria-hidden=\"true\" class=\"wp-block-spacer\"><\/div>\n<\/div>\n\n\n\n<div style=\"height:100px\" aria-hidden=\"true\" class=\"wp-block-spacer\"><\/div>\n\n\n\n<div class=\"wp-block-group alignfull has-accent-5-background-color has-background has-global-padding is-layout-constrained wp-block-group-is-layout-constrained\">\n<p><br>Willst du auf dem aktuellsten Stand bleiben?<br>Dann folge uns jetzt auf Instagram!<\/p>\n\n\n\n<div class=\"wp-block-group is-style-default is-vertical is-content-justification-left is-layout-flex wp-container-core-group-is-layout-767e7b45 wp-block-group-is-layout-flex\" style=\"border-style:none;border-width:0px;min-height:0px;padding-top:0;padding-bottom:0\">\n<h5 class=\"wp-block-heading has-text-align-center is-style-text-annotation has-medium-font-size is-style-text-annotation--6\"><a href=\"https:\/\/www.instagram.com\/auso_2026\/\" data-type=\"link\" data-id=\"https:\/\/www.instagram.com\/auso_2026\/\">@auso_2026<\/a><\/h5>\n<\/div>\n\n\n\n<div style=\"height:41px\" aria-hidden=\"true\" class=\"wp-block-spacer\"><\/div>\n<\/div>\n\n\n\n<div style=\"height:239px\" aria-hidden=\"true\" class=\"wp-block-spacer\"><\/div>\n\n\n\n<div class=\"wp-block-group alignfull has-accent-5-background-color has-background has-global-padding is-content-justification-center is-layout-constrained wp-block-group-is-layout-constrained\">\n<div style=\"height:11px\" aria-hidden=\"true\" class=\"wp-block-spacer\"><\/div>\n\n\n\n<div class=\"wp-block-group has-global-padding is-content-justification-left is-layout-constrained wp-container-core-group-is-layout-12dd3699 wp-block-group-is-layout-constrained\">\n<div class=\"wp-block-group is-nowrap is-layout-flex wp-container-core-group-is-layout-6c531013 wp-block-group-is-layout-flex\">\n<figure class=\"wp-block-image size-full is-resized\"><img loading=\"lazy\" decoding=\"async\" width=\"568\" height=\"132\" src=\"https:\/\/auso26.ch\/wp-content\/uploads\/2025\/03\/Bez_Logo.png\" alt=\"\" class=\"wp-image-126\" style=\"width:225px;height:auto\" srcset=\"https:\/\/auso26.ch\/wp-content\/uploads\/2025\/03\/Bez_Logo.png 568w, https:\/\/auso26.ch\/wp-content\/uploads\/2025\/03\/Bez_Logo-300x70.png 300w\" sizes=\"auto, (max-width: 568px) 100vw, 568px\" \/><\/figure>\n\n\n\n<figure class=\"wp-block-image size-full is-resized\"><img loading=\"lazy\" decoding=\"async\" width=\"2560\" height=\"1810\" src=\"https:\/\/auso26.ch\/wp-content\/uploads\/2025\/10\/bla@300x-edited-scaled.png\" alt=\"\" class=\"wp-image-336\" style=\"width:98px;height:auto\" srcset=\"https:\/\/auso26.ch\/wp-content\/uploads\/2025\/10\/bla@300x-edited-scaled.png 2560w, https:\/\/auso26.ch\/wp-content\/uploads\/2025\/10\/bla@300x-edited-300x212.png 300w, https:\/\/auso26.ch\/wp-content\/uploads\/2025\/10\/bla@300x-edited-1024x724.png 1024w, https:\/\/auso26.ch\/wp-content\/uploads\/2025\/10\/bla@300x-edited-768x543.png 768w, https:\/\/auso26.ch\/wp-content\/uploads\/2025\/10\/bla@300x-edited-1536x1086.png 1536w, https:\/\/auso26.ch\/wp-content\/uploads\/2025\/10\/bla@300x-edited-2048x1448.png 2048w\" sizes=\"auto, (max-width: 2560px) 100vw, 2560px\" \/><\/figure>\n\n\n\n<figure class=\"wp-block-image size-full is-resized\"><img loading=\"lazy\" decoding=\"async\" width=\"804\" height=\"367\" src=\"https:\/\/auso26.ch\/wp-content\/uploads\/2025\/10\/konolf.png\" alt=\"\" class=\"wp-image-334\" style=\"width:103px;height:auto\" srcset=\"https:\/\/auso26.ch\/wp-content\/uploads\/2025\/10\/konolf.png 804w, https:\/\/auso26.ch\/wp-content\/uploads\/2025\/10\/konolf-300x137.png 300w, https:\/\/auso26.ch\/wp-content\/uploads\/2025\/10\/konolf-768x351.png 768w\" sizes=\"auto, (max-width: 804px) 100vw, 804px\" \/><\/figure>\n\n\n\n<figure class=\"wp-block-image size-large is-resized\"><img loading=\"lazy\" decoding=\"async\" width=\"1024\" height=\"725\" src=\"https:\/\/auso26.ch\/wp-content\/uploads\/2025\/10\/worb-1024x725.png\" alt=\"\" class=\"wp-image-335\" style=\"width:86px;height:auto\" srcset=\"https:\/\/auso26.ch\/wp-content\/uploads\/2025\/10\/worb-1024x725.png 1024w, https:\/\/auso26.ch\/wp-content\/uploads\/2025\/10\/worb-300x212.png 300w, https:\/\/auso26.ch\/wp-content\/uploads\/2025\/10\/worb-768x544.png 768w, https:\/\/auso26.ch\/wp-content\/uploads\/2025\/10\/worb-1536x1087.png 1536w, https:\/\/auso26.ch\/wp-content\/uploads\/2025\/10\/worb-2048x1449.png 2048w\" sizes=\"auto, (max-width: 1024px) 100vw, 1024px\" \/><\/figure>\n\n\n\n<figure class=\"wp-block-image size-large is-resized\"><img loading=\"lazy\" decoding=\"async\" width=\"1024\" height=\"318\" src=\"https:\/\/auso26.ch\/wp-content\/uploads\/2025\/10\/howacht-1024x318.png\" alt=\"\" class=\"wp-image-333\" style=\"width:162px;height:auto\" srcset=\"https:\/\/auso26.ch\/wp-content\/uploads\/2025\/10\/howacht-1024x318.png 1024w, https:\/\/auso26.ch\/wp-content\/uploads\/2025\/10\/howacht-300x93.png 300w, https:\/\/auso26.ch\/wp-content\/uploads\/2025\/10\/howacht-768x238.png 768w, https:\/\/auso26.ch\/wp-content\/uploads\/2025\/10\/howacht-1536x476.png 1536w, https:\/\/auso26.ch\/wp-content\/uploads\/2025\/10\/howacht-2048x635.png 2048w\" sizes=\"auto, (max-width: 1024px) 100vw, 1024px\" \/><\/figure>\n<\/div>\n<\/div>\n\n\n\n<div style=\"height:0px\" aria-hidden=\"true\" class=\"wp-block-spacer\"><\/div>\n\n\n\n<p class=\"has-text-align-center\">Instagram:<\/p>\n\n\n\n<div class=\"wp-block-group has-global-padding is-content-justification-center is-layout-constrained wp-block-group-is-layout-constrained\">\n<h2 class=\"wp-block-heading has-text-align-left is-style-text-annotation has-large-font-size is-style-text-annotation--7\"><a href=\"https:\/\/www.instagram.com\/auso_2026\/\" data-type=\"link\" data-id=\"https:\/\/www.instagram.com\/auso_2026\/\">@auso_26<\/a><\/h2>\n<\/div>\n\n\n\n<div style=\"height:8px\" aria-hidden=\"true\" class=\"wp-block-spacer\"><\/div>\n\n\n\n<p class=\"has-text-align-center\">Infos f\u00fcr Leitpersonen: <\/p>\n\n\n\n<div class=\"wp-block-group has-global-padding is-content-justification-center is-layout-constrained wp-block-group-is-layout-constrained\">\n<h2 class=\"wp-block-heading has-text-align-left is-style-text-annotation has-large-font-size is-style-text-annotation--8\"><a href=\"https:\/\/leitende.auso26.ch\" data-type=\"link\" data-id=\"https:\/\/leitende.auso26.ch\">Wiki<\/a><\/h2>\n<\/div>\n\n\n\n<div style=\"height:8px\" aria-hidden=\"true\" class=\"wp-block-spacer\"><\/div>\n<\/div>\n\n\n\n<p class=\"has-text-align-center\">Copyright \u00a9 2025&nbsp;<a href=\"https:\/\/www.auso26.ch\/\" data-type=\"link\" data-id=\"https:\/\/www.auso26.ch\/\">AuSo26<\/a>. All Rights Reserved.<\/p>\n","protected":false},"excerpt":{"rendered":"<p>Ansprechpersonen und FAQ Ansprechpersonen Falls du Anliegen oder Fragen hast, darfst du dich nebst deinen Einheitsleitenden gerne bei einer der folgenden Anlaufstellen melden: Ressort Kommunikation Nah-Lin &amp; Pepp info@auso26.ch Abteilungsleitung Chutze Mira mira@chutze.ch Abteilungsleitung Kuonolf Fiava fiava@kuonolf.ch Abteilungsleitung Worb Felicefelice@pfadiworb.ch Abteilungsleitung Hochwacht Gauchogaucho@pfadi-hochwacht-langnau.ch &#8230; oder sprich uns direkt an bei einem Anlass oder an einer [&hellip;]<\/p>\n","protected":false},"author":2,"featured_media":0,"parent":115,"menu_order":2,"comment_status":"open","ping_status":"closed","template":"","meta":{"footnotes":""},"class_list":["post-17","page","type-page","status-publish","hentry"],"_links":{"self":[{"href":"https:\/\/auso26.ch\/index.php?rest_route=\/wp\/v2\/pages\/17","targetHints":{"allow":["GET"]}}],"collection":[{"href":"https:\/\/auso26.ch\/index.php?rest_route=\/wp\/v2\/pages"}],"about":[{"href":"https:\/\/auso26.ch\/index.php?rest_route=\/wp\/v2\/types\/page"}],"author":[{"embeddable":true,"href":"https:\/\/auso26.ch\/index.php?rest_route=\/wp\/v2\/users\/2"}],"replies":[{"embeddable":true,"href":"https:\/\/auso26.ch\/index.php?rest_route=%2Fwp%2Fv2%2Fcomments&post=17"}],"version-history":[{"count":21,"href":"https:\/\/auso26.ch\/index.php?rest_route=\/wp\/v2\/pages\/17\/revisions"}],"predecessor-version":[{"id":406,"href":"https:\/\/auso26.ch\/index.php?rest_route=\/wp\/v2\/pages\/17\/revisions\/406"}],"up":[{"embeddable":true,"href":"https:\/\/auso26.ch\/index.php?rest_route=\/wp\/v2\/pages\/115"}],"wp:attachment":[{"href":"https:\/\/auso26.ch\/index.php?rest_route=%2Fwp%2Fv2%2Fmedia&parent=17"}],"curies":[{"name":"wp","href":"https:\/\/api.w.org\/{rel}","templated":true}]}}