{"id":115,"date":"2025-03-03T21:16:33","date_gmt":"2025-03-03T20:16:33","guid":{"rendered":"https:\/\/auso26.ch\/?page_id=115"},"modified":"2026-01-27T21:06:23","modified_gmt":"2026-01-27T20:06:23","slug":"auslandsola-2026","status":"publish","type":"page","link":"https:\/\/auso26.ch\/","title":{"rendered":"Auslandsola 2026"},"content":{"rendered":"<nav class=\"is-responsive items-justified-left wp-block-navigation is-horizontal is-content-justification-left is-layout-flex wp-container-core-navigation-is-layout-1a1c19d6 wp-block-navigation-is-layout-flex\" aria-label=\"Navigationsmen\u00fc\" \n\t\t data-wp-interactive=\"core\/navigation\" data-wp-context='{\"overlayOpenedBy\":{\"click\":false,\"hover\":false,\"focus\":false},\"type\":\"overlay\",\"roleAttribute\":\"\",\"ariaLabel\":\"Men\\u00fc\"}'><button aria-haspopup=\"dialog\" aria-label=\"Men\u00fc \u00f6ffnen\" class=\"wp-block-navigation__responsive-container-open\" \n\t\t\t\tdata-wp-on--click=\"actions.openMenuOnClick\"\n\t\t\t\tdata-wp-on--keydown=\"actions.handleMenuKeydown\"\n\t\t\t><svg width=\"24\" height=\"24\" xmlns=\"http:\/\/www.w3.org\/2000\/svg\" viewBox=\"0 0 24 24\" aria-hidden=\"true\" focusable=\"false\"><path d=\"M4 7.5h16v1.5H4z\"><\/path><path d=\"M4 15h16v1.5H4z\"><\/path><\/svg><\/button>\n\t\t\t\t<div class=\"wp-block-navigation__responsive-container\"  id=\"modal-1\" \n\t\t\t\tdata-wp-class--has-modal-open=\"state.isMenuOpen\"\n\t\t\t\tdata-wp-class--is-menu-open=\"state.isMenuOpen\"\n\t\t\t\tdata-wp-watch=\"callbacks.initMenu\"\n\t\t\t\tdata-wp-on--keydown=\"actions.handleMenuKeydown\"\n\t\t\t\tdata-wp-on--focusout=\"actions.handleMenuFocusout\"\n\t\t\t\ttabindex=\"-1\"\n\t\t\t>\n\t\t\t\t\t<div class=\"wp-block-navigation__responsive-close\" tabindex=\"-1\">\n\t\t\t\t\t\t<div class=\"wp-block-navigation__responsive-dialog\" \n\t\t\t\tdata-wp-bind--aria-modal=\"state.ariaModal\"\n\t\t\t\tdata-wp-bind--aria-label=\"state.ariaLabel\"\n\t\t\t\tdata-wp-bind--role=\"state.roleAttribute\"\n\t\t\t>\n\t\t\t\t\t\t\t<button aria-label=\"Men\u00fc schlie\u00dfen\" class=\"wp-block-navigation__responsive-container-close\" \n\t\t\t\tdata-wp-on--click=\"actions.closeMenuOnClick\"\n\t\t\t><svg xmlns=\"http:\/\/www.w3.org\/2000\/svg\" viewBox=\"0 0 24 24\" width=\"24\" height=\"24\" aria-hidden=\"true\" focusable=\"false\"><path d=\"m13.06 12 6.47-6.47-1.06-1.06L12 10.94 5.53 4.47 4.47 5.53 10.94 12l-6.47 6.47 1.06 1.06L12 13.06l6.47 6.47 1.06-1.06L13.06 12Z\"><\/path><\/svg><\/button>\n\t\t\t\t\t\t\t<div class=\"wp-block-navigation__responsive-container-content\" \n\t\t\t\tdata-wp-watch=\"callbacks.focusFirstElement\"\n\t\t\t id=\"modal-1-content\">\n\t\t\t\t\t\t\t\t\n<div class=\"wp-block-buttons is-layout-flex wp-block-buttons-is-layout-flex\">\n<div class=\"wp-block-button\"><a class=\"wp-block-button__link wp-element-button\" href=\"https:\/\/auso26.ch\/\">News<\/a><\/div>\n<\/div>\n\n<div class=\"wp-block-buttons is-layout-flex wp-block-buttons-is-layout-flex\">\n<div class=\"wp-block-button\"><a class=\"wp-block-button__link wp-element-button\" href=\"https:\/\/auso26.ch\/?page_id=323\">Lager<\/a><\/div>\n\n\n\n<div class=\"wp-block-button\"><a class=\"wp-block-button__link wp-element-button\" href=\"https:\/\/auso26.ch\/?page_id=169\">Organisation<\/a><\/div>\n<\/div>\n\n<div class=\"wp-block-buttons is-layout-flex wp-block-buttons-is-layout-flex\">\n<div class=\"wp-block-button is-style-fill\"><a class=\"wp-block-button__link wp-element-button\" href=\"https:\/\/auso26.ch\/?page_id=17\">Kontakt<\/a><\/div>\n<\/div>\n\n\t\t\t\t\t\t\t<\/div>\n\t\t\t\t\t\t<\/div>\n\t\t\t\t\t<\/div>\n\t\t\t\t<\/div><\/nav>\n\n\n<div class=\"wp-block-cover alignfull is-light has-parallax has-custom-content-position is-position-top-center has-contrast-color has-text-color has-link-color wp-elements-2ca9f855d34c43c2473049bf5380e367\" style=\"margin-top:0;margin-bottom:0;padding-top:var(--wp--preset--spacing--50);padding-right:0;padding-bottom:var(--wp--preset--spacing--50);padding-left:0;min-height:694px;aspect-ratio:unset;\"><div class=\"wp-block-cover__image-background wp-image-131 has-parallax\" style=\"background-position:50% 50%;background-image:url(https:\/\/auso26.ch\/wp-content\/uploads\/2025\/03\/Hintergrundfarbe.png)\"><\/div><span aria-hidden=\"true\" class=\"wp-block-cover__background has-background-dim-20 has-background-dim\" style=\"background-color:#c3e1d0\"><\/span><div class=\"wp-block-cover__inner-container is-layout-flow wp-container-core-cover-is-layout-c23a78b1 wp-block-cover-is-layout-flow\">\n<figure class=\"wp-block-image aligncenter size-full is-resized\"><img loading=\"lazy\" decoding=\"async\" width=\"2560\" height=\"1462\" src=\"https:\/\/auso26.ch\/wp-content\/uploads\/2025\/10\/neu@300x-scaled.png\" alt=\"\" class=\"wp-image-352\" style=\"aspect-ratio:1.7510314235195583;width:882px;height:auto\" srcset=\"https:\/\/auso26.ch\/wp-content\/uploads\/2025\/10\/neu@300x-scaled.png 2560w, https:\/\/auso26.ch\/wp-content\/uploads\/2025\/10\/neu@300x-300x171.png 300w, https:\/\/auso26.ch\/wp-content\/uploads\/2025\/10\/neu@300x-1024x585.png 1024w, https:\/\/auso26.ch\/wp-content\/uploads\/2025\/10\/neu@300x-768x438.png 768w, https:\/\/auso26.ch\/wp-content\/uploads\/2025\/10\/neu@300x-1536x877.png 1536w, https:\/\/auso26.ch\/wp-content\/uploads\/2025\/10\/neu@300x-2048x1169.png 2048w\" sizes=\"auto, (max-width: 2560px) 100vw, 2560px\" \/><\/figure>\n<\/div><\/div>\n\n\n\n<div class=\"wp-block-group alignfull has-global-padding is-layout-constrained wp-container-core-group-is-layout-0c9c989a wp-block-group-is-layout-constrained\" style=\"min-height:0vh;margin-top:0;margin-bottom:0;padding-top:var(--wp--preset--spacing--70);padding-right:var(--wp--preset--spacing--40);padding-bottom:var(--wp--preset--spacing--70);padding-left:var(--wp--preset--spacing--40)\">\n<div class=\"wp-block-group has-global-padding is-layout-constrained wp-container-core-group-is-layout-346627ba wp-block-group-is-layout-constrained\">\n<h2 class=\"wp-block-heading has-text-align-center is-style-text-subtitle has-xx-large-font-size is-style-text-subtitle--2\" style=\"margin-right:0;margin-left:0;padding-right:0;padding-left:0\">Aktuelle News<\/h2>\n\n\n\n<div style=\"height:11px\" aria-hidden=\"true\" class=\"wp-block-spacer\"><\/div>\n\n\n\n<figure class=\"wp-block-image aligncenter size-full is-resized has-custom-border\" style=\"margin-top:0;margin-bottom:0\"><a href=\"https:\/\/auso26.ch\/?attachment_id=293\"><img loading=\"lazy\" decoding=\"async\" width=\"82\" height=\"202\" src=\"https:\/\/auso26.ch\/wp-content\/uploads\/2025\/10\/Element-2@300x.png\" alt=\"\" class=\"wp-image-293\" style=\"border-style:none;border-width:0px;border-radius:0px;width:20px\"\/><\/a><\/figure>\n<\/div>\n<\/div>\n\n\n\n<div class=\"wp-block-group alignfull has-accent-5-background-color has-background has-global-padding is-layout-constrained wp-container-core-group-is-layout-0c9c989a wp-block-group-is-layout-constrained\" style=\"min-height:0vh;margin-top:0;margin-bottom:0;padding-top:var(--wp--preset--spacing--70);padding-right:var(--wp--preset--spacing--40);padding-bottom:var(--wp--preset--spacing--70);padding-left:var(--wp--preset--spacing--40)\">\n<div class=\"wp-block-group has-global-padding is-layout-constrained wp-container-core-group-is-layout-346627ba wp-block-group-is-layout-constrained\">\n<p class=\"has-text-align-center is-style-text-subtitle is-style-text-subtitle--3\">Anmeldung Atelierhikes<\/p>\n\n\n\n<p>Das AuSo kommt immer n\u00e4her &#8211; yuhuuu <br>Schaut euch die Atelierausschreibung an und meldet euch an!<\/p>\n\n\n\n<div class=\"wp-block-group is-style-default is-vertical is-content-justification-left is-layout-flex wp-container-core-group-is-layout-767e7b45 wp-block-group-is-layout-flex\" style=\"border-style:none;border-width:0px;min-height:0px;padding-top:0;padding-bottom:0\">\n<h5 class=\"wp-block-heading has-text-align-center is-style-text-annotation has-medium-font-size is-style-text-annotation--4\"><a href=\"https:\/\/auso26.ch\/wp-content\/uploads\/2026\/01\/Ausschreibung-Atelierausfluege-AuSo26.pdf\">PDF Atelierausschreibung<\/a><\/h5>\n<\/div>\n\n\n\n<p>\u00dcber folgenden Link kannst du dich anmelden:<\/p>\n\n\n\n<div class=\"wp-block-group is-style-default is-vertical is-content-justification-left is-layout-flex wp-container-core-group-is-layout-767e7b45 wp-block-group-is-layout-flex\" style=\"border-style:none;border-width:0px;min-height:0px;padding-top:0;padding-bottom:0\">\n<h5 class=\"wp-block-heading has-text-align-center is-style-text-annotation has-medium-font-size is-style-text-annotation--5\"><a href=\"https:\/\/docs.google.com\/forms\/d\/e\/1FAIpQLSdfpf323L-4uNON_s0fYEtrTzgXel1ABJ51q7cUa2l-ydeeIA\/viewform\" data-type=\"link\" data-id=\"https:\/\/forms.gle\/Y5s4hPMPyjv1ViUD8\" target=\"_blank\" rel=\"noreferrer noopener\">Anmeldung<\/a><\/h5>\n<\/div>\n<\/div>\n<\/div>\n\n\n\n<div style=\"height:100px\" aria-hidden=\"true\" class=\"wp-block-spacer\"><\/div>\n\n\n\n<div class=\"wp-block-group alignfull is-style-section-1 has-accent-5-background-color has-background has-global-padding is-content-justification-right is-layout-constrained wp-container-core-group-is-layout-bf0a4833 wp-block-group-is-layout-constrained is-style-section-1--6\" style=\"margin-top:0;margin-bottom:0;padding-top:var(--wp--preset--spacing--80);padding-bottom:var(--wp--preset--spacing--80)\">\n<div class=\"wp-block-columns alignwide is-layout-flex wp-container-core-columns-is-layout-66fad18a wp-block-columns-is-layout-flex\">\n<div class=\"wp-block-column is-vertically-aligned-center is-layout-flow wp-block-column-is-layout-flow\" style=\"padding-right:0;padding-left:0;flex-basis:50%\">\n<p class=\"is-style-text-subtitle is-style-text-subtitle--7\">Infobriefe <\/p>\n\n\n\n<p class=\"is-style-default has-large-font-size\">Alle bisherig verschickten Infobriefe findest du nochmals hier zum Anschauen:&nbsp;<\/p>\n<\/div>\n\n\n\n<div class=\"wp-block-column is-layout-flow wp-block-column-is-layout-flow\" style=\"padding-right:var(--wp--preset--spacing--50);flex-basis:45%\">\n<div class=\"wp-block-group is-style-default is-vertical is-content-justification-center is-layout-flex wp-container-core-group-is-layout-7aec95b5 wp-block-group-is-layout-flex\" style=\"border-style:none;border-width:0px;min-height:0px;padding-top:0;padding-bottom:0\">\n<h3 class=\"wp-block-heading has-text-align-center is-style-text-annotation has-medium-font-size is-style-text-annotation--8\"><a href=\"https:\/\/auso26.ch\/wp-content\/uploads\/2025\/10\/25.03.24_Info1_TN.pdf\" data-type=\"link\" data-id=\"https:\/\/auso26.ch\/wp-content\/uploads\/2025\/10\/25.09.16_Infoanlass_Erziehungsberechtigte.pdf\" target=\"_blank\" rel=\"noreferrer noopener\">24.03.25 Info 1<\/a><\/h3>\n\n\n\n<div style=\"height:0px\" aria-hidden=\"true\" class=\"wp-block-spacer wp-container-content-16d1eb73\"><\/div>\n\n\n\n<h3 class=\"wp-block-heading has-text-align-center is-style-text-annotation has-medium-font-size is-style-text-annotation--9\"><a href=\"https:\/\/auso26.ch\/wp-content\/uploads\/2025\/10\/25.08.14_Info2_TN.pdf\" data-type=\"link\" data-id=\"https:\/\/auso26.ch\/wp-content\/uploads\/2025\/10\/25.08.14_Info2_TN.pdf\" target=\"_blank\" rel=\"noreferrer noopener\">14.08.25 Info 2<\/a><\/h3>\n\n\n\n<div style=\"height:0px\" aria-hidden=\"true\" class=\"wp-block-spacer wp-container-content-16d1eb73\"><\/div>\n\n\n\n<h3 class=\"wp-block-heading has-text-align-center is-style-text-annotation has-medium-font-size is-style-text-annotation--10\"><a href=\"https:\/\/auso26.ch\/wp-content\/uploads\/2025\/10\/25.10.01_Info3_TN.pdf\" data-type=\"link\" data-id=\"https:\/\/auso26.ch\/wp-content\/uploads\/2025\/10\/25.10.01_Info3_TN.pdf\" target=\"_blank\" rel=\"noreferrer noopener\">01.10.25 Info 3<\/a><\/h3>\n\n\n\n<div style=\"height:0px\" aria-hidden=\"true\" class=\"wp-block-spacer wp-container-content-16d1eb73\"><\/div>\n\n\n\n<h3 class=\"wp-block-heading has-text-align-center is-style-text-annotation has-medium-font-size is-style-text-annotation--11\"><a href=\"https:\/\/auso26.ch\/wp-content\/uploads\/2026\/01\/Info4_TN-1.pdf\" data-type=\"link\" data-id=\"https:\/\/auso26.ch\/wp-content\/uploads\/2026\/01\/Info4_TN-1.pdf\">26.01.26 Info 4<\/a><\/h3>\n<\/div>\n<\/div>\n<\/div>\n<\/div>\n\n\n\n<div style=\"height:100px\" aria-hidden=\"true\" class=\"wp-block-spacer\"><\/div>\n\n\n\n<div class=\"wp-block-group alignfull is-style-section-1 has-accent-5-background-color has-background has-global-padding is-layout-constrained wp-block-group-is-layout-constrained is-style-section-1--12\" style=\"margin-top:0;margin-bottom:0;padding-top:var(--wp--preset--spacing--80);padding-bottom:var(--wp--preset--spacing--80)\">\n<div class=\"wp-block-columns alignwide is-layout-flex wp-container-core-columns-is-layout-66fad18a wp-block-columns-is-layout-flex\">\n<div class=\"wp-block-column is-layout-flow wp-block-column-is-layout-flow\" style=\"padding-right:var(--wp--preset--spacing--50);flex-basis:45%\">\n<figure class=\"wp-block-image aligncenter size-large is-resized\"><img loading=\"lazy\" decoding=\"async\" width=\"768\" height=\"1024\" src=\"https:\/\/auso26.ch\/wp-content\/uploads\/2025\/10\/WhatsApp-Image-2025-10-02-at-10.02.20-768x1024.jpeg\" alt=\"\" class=\"wp-image-356\" style=\"width:308px;height:auto\" srcset=\"https:\/\/auso26.ch\/wp-content\/uploads\/2025\/10\/WhatsApp-Image-2025-10-02-at-10.02.20-768x1024.jpeg 768w, https:\/\/auso26.ch\/wp-content\/uploads\/2025\/10\/WhatsApp-Image-2025-10-02-at-10.02.20-225x300.jpeg 225w, https:\/\/auso26.ch\/wp-content\/uploads\/2025\/10\/WhatsApp-Image-2025-10-02-at-10.02.20-1152x1536.jpeg 1152w, https:\/\/auso26.ch\/wp-content\/uploads\/2025\/10\/WhatsApp-Image-2025-10-02-at-10.02.20.jpeg 1200w\" sizes=\"auto, (max-width: 768px) 100vw, 768px\" \/><\/figure>\n<\/div>\n\n\n\n<div class=\"wp-block-column is-vertically-aligned-center is-layout-flow wp-block-column-is-layout-flow\" style=\"padding-right:0;padding-left:0;flex-basis:50%\">\n<p class=\"is-style-text-subtitle is-style-text-subtitle--13\">Infoanlass<\/p>\n\n\n\n<p class=\"is-style-default has-large-font-size\">Am 16. September 2025 haben die Infoanl\u00e4sse f\u00fcr die Erziehungsberechtigten stattgefunden. <br>Die gezeigte Pr\u00e4sentation findest du hier: <\/p>\n\n\n\n<div class=\"wp-block-group is-style-default is-vertical is-layout-flex wp-container-core-group-is-layout-669f9327 wp-block-group-is-layout-flex\" style=\"border-style:none;border-width:0px;min-height:0px;padding-top:0;padding-bottom:0\">\n<h3 class=\"wp-block-heading has-text-align-center is-style-text-annotation has-medium-font-size is-style-text-annotation--14\"><a href=\"https:\/\/auso26.ch\/wp-content\/uploads\/2025\/10\/25.09.16_Infoanlass_Erziehungsberechtigte.pdf\" data-type=\"link\" data-id=\"https:\/\/auso26.ch\/wp-content\/uploads\/2025\/10\/25.09.16_Infoanlass_Erziehungsberechtigte.pdf\" target=\"_blank\" rel=\"noreferrer noopener\">Pr\u00e4sentation<\/a><\/h3>\n<\/div>\n\n\n\n<p><\/p>\n\n\n\n<p>Alle Informationen im Detail werden mit dem n\u00e4chsten Versand Anfang Oktober zugestellt.<\/p>\n<\/div>\n<\/div>\n<\/div>\n\n\n\n<div style=\"height:100px\" aria-hidden=\"true\" class=\"wp-block-spacer\"><\/div>\n\n\n\n<div class=\"wp-block-group alignfull is-style-section-1 has-accent-5-background-color has-background has-global-padding is-layout-constrained wp-block-group-is-layout-constrained is-style-section-1--15\" style=\"margin-top:0;margin-bottom:0;padding-top:var(--wp--preset--spacing--80);padding-bottom:var(--wp--preset--spacing--80)\">\n<div class=\"wp-block-columns alignwide is-layout-flex wp-container-core-columns-is-layout-66fad18a wp-block-columns-is-layout-flex\">\n<div class=\"wp-block-column is-vertically-aligned-center is-layout-flow wp-block-column-is-layout-flow\" style=\"padding-right:0;padding-left:0;flex-basis:50%\">\n<p class=\"is-style-text-subtitle is-style-text-subtitle--16\">Zopfbackaktion<\/p>\n\n\n\n<p class=\"is-style-default has-large-font-size\">Das ZoBa findet dieses Jahr am 10. Mai 2026 statt!<\/p>\n<\/div>\n\n\n\n<div class=\"wp-block-column is-layout-flow wp-block-column-is-layout-flow\" style=\"padding-right:var(--wp--preset--spacing--50);flex-basis:45%\">\n<figure class=\"wp-block-image aligncenter size-large is-resized\"><img loading=\"lazy\" decoding=\"async\" width=\"773\" height=\"1024\" src=\"https:\/\/auso26.ch\/wp-content\/uploads\/2025\/03\/Element-7-773x1024.png\" alt=\"\" class=\"wp-image-137\" style=\"width:308px;height:auto\" srcset=\"https:\/\/auso26.ch\/wp-content\/uploads\/2025\/03\/Element-7-773x1024.png 773w, https:\/\/auso26.ch\/wp-content\/uploads\/2025\/03\/Element-7-226x300.png 226w, https:\/\/auso26.ch\/wp-content\/uploads\/2025\/03\/Element-7-768x1017.png 768w, https:\/\/auso26.ch\/wp-content\/uploads\/2025\/03\/Element-7-1160x1536.png 1160w, https:\/\/auso26.ch\/wp-content\/uploads\/2025\/03\/Element-7-1546x2048.png 1546w\" sizes=\"auto, (max-width: 773px) 100vw, 773px\" \/><\/figure>\n<\/div>\n<\/div>\n<\/div>\n\n\n\n<div style=\"height:100px\" aria-hidden=\"true\" class=\"wp-block-spacer\"><\/div>\n\n\n\n<div class=\"wp-block-group alignfull has-accent-5-background-color has-background has-global-padding is-layout-constrained wp-container-core-group-is-layout-ebee8dc1 wp-block-group-is-layout-constrained\" style=\"margin-top:0;margin-bottom:0;padding-top:var(--wp--preset--spacing--50);padding-bottom:var(--wp--preset--spacing--50)\">\n<h2 class=\"wp-block-heading alignwide is-style-text-subtitle is-style-text-subtitle--17\">Kleiner Einblick ins Thema:<\/h2>\n\n\n\n<div class=\"wp-block-columns alignwide is-layout-flex wp-container-core-columns-is-layout-28f84493 wp-block-columns-is-layout-flex\">\n<div class=\"wp-block-column is-layout-flow wp-block-column-is-layout-flow\">\n<h3 class=\"wp-block-heading\">Das Aufleben der Rennbahn<\/h3>\n\n\n\n<p class=\"has-medium-font-size\">H\u00e9nanbihen &#8211; kennst du diesen Ort? Nicht?<br>Dann wird es Zeit, mehr dar\u00fcber zu erfahren:<br>In den letzten Jahren wurde nicht mehr so viel \u00fcber die Bretonischen Gemeinde berichtet. Ganz anders als noch vor ein paar Jahren. Damals wehte noch ein anderer Wind: Aus allen umliegenden Umgebungen, bis weit \u00fcber die Landesgrenzen hinaus, sind die Menschen gekommen, um das legend\u00e4re Spektakel auf der Rennstrecke von H\u00e9nanbihen mitzuerleben. Die Rennen, die auf diesen Bahnen stattgefunden haben, lockten Begeisterte von weit her an. Die Vielfalt der antretenden Tiere konnte in keinem Zoo \u00fcbertroffen werden und die Spannung liess die<br>Luft zum Knistern bringen. Von den Essensst\u00e4nden her roch es nach Popcorn, Zuckerwatte, gebrannten Mandeln, Kaffee und Geb\u00e4cken. <\/p>\n<\/div>\n\n\n\n<div class=\"wp-block-column is-layout-flow wp-block-column-is-layout-flow\">\n<h3 class=\"wp-block-heading\"><\/h3>\n\n\n\n<p class=\"has-medium-font-size\">Von den St\u00e4llen wehte der Geruch von Pferdedung, S\u00e4gemehl, und Heu \u00fcber den Platz. Bei den Trib\u00fcnen stach ein Gemisch aus Parf\u00fcm, Sonnencreme, und Schweiss in die Nase. Bis weit \u00fcber das Gel\u00e4nde h\u00f6rte man Gel\u00e4chter, Gejohle, Gemurmel, Gejubel, Geschnaube, Gegacker, Geknatter, Gekicher, Gestampfe und die Kommentare aus den Lautsprechanlagen. Diese \u00fcbert\u00f6nten sogar die Kirchenglocken. Die Spekulationen dar\u00fcber, welches Tier wohl das schnellste, ausdauerndste und geschicklichste<br>sein m\u00f6ge, wurden noch bis sp\u00e4t in die Nacht in Vorg\u00e4rten, Kinderzimmern und an Stammtischen<br>heiss diskutiert. Hotels waren schon Monate im Voraus ausgebucht, Campingpl\u00e4tze besetzt und<br>G\u00e4stezimmer vergeben. Ja, den Bewohnenden von H\u00e9nanbihen wurde es fast zu viel\u2026<\/p>\n<\/div>\n\n\n\n<div class=\"wp-block-column is-layout-flow wp-block-column-is-layout-flow\">\n<h3 class=\"wp-block-heading\"><\/h3>\n\n\n\n<p class=\"has-medium-font-size\">Jetzt ist diese Zeit vorbei &#8211; Um H\u00e9nanbihen ist es still geworden. Die Rennstrecke steht jedoch noch<br>dort, wo sie schon immer gestanden hat und wartet darauf, dass sie wieder f\u00fcr mehr als nur Sonntagsspazierg\u00e4nge genutzt wird. Die wohlhabende Gr\u00e4fin dieserorts will diese alten Zeiten wieder aufleben lassen und l\u00e4dt uns f\u00fcr<br>den Sommer 2026 zum grossen Tierrennen von H\u00e9nanbihen ein.<\/p>\n\n\n\n<p class=\"has-medium-font-size\"><br>Ja, da wollen wir dabei sein! Du auch?<\/p>\n<\/div>\n<\/div>\n<\/div>\n\n\n\n<div style=\"height:243px\" aria-hidden=\"true\" class=\"wp-block-spacer\"><\/div>\n\n\n\n<div class=\"wp-block-group alignfull has-accent-5-background-color has-background has-global-padding is-content-justification-center is-layout-constrained wp-block-group-is-layout-constrained\">\n<div style=\"height:11px\" aria-hidden=\"true\" class=\"wp-block-spacer\"><\/div>\n\n\n\n<div class=\"wp-block-group has-global-padding is-content-justification-left is-layout-constrained wp-container-core-group-is-layout-12dd3699 wp-block-group-is-layout-constrained\">\n<div class=\"wp-block-group is-nowrap is-layout-flex wp-container-core-group-is-layout-6c531013 wp-block-group-is-layout-flex\">\n<figure class=\"wp-block-image size-full is-resized\"><img loading=\"lazy\" decoding=\"async\" width=\"568\" height=\"132\" src=\"https:\/\/auso26.ch\/wp-content\/uploads\/2025\/03\/Bez_Logo.png\" alt=\"\" class=\"wp-image-126\" style=\"width:225px;height:auto\" srcset=\"https:\/\/auso26.ch\/wp-content\/uploads\/2025\/03\/Bez_Logo.png 568w, https:\/\/auso26.ch\/wp-content\/uploads\/2025\/03\/Bez_Logo-300x70.png 300w\" sizes=\"auto, (max-width: 568px) 100vw, 568px\" \/><\/figure>\n\n\n\n<figure class=\"wp-block-image size-full is-resized\"><img loading=\"lazy\" decoding=\"async\" width=\"2560\" height=\"1810\" src=\"https:\/\/auso26.ch\/wp-content\/uploads\/2025\/10\/bla@300x-edited-scaled.png\" alt=\"\" class=\"wp-image-336\" style=\"width:98px;height:auto\" srcset=\"https:\/\/auso26.ch\/wp-content\/uploads\/2025\/10\/bla@300x-edited-scaled.png 2560w, https:\/\/auso26.ch\/wp-content\/uploads\/2025\/10\/bla@300x-edited-300x212.png 300w, https:\/\/auso26.ch\/wp-content\/uploads\/2025\/10\/bla@300x-edited-1024x724.png 1024w, https:\/\/auso26.ch\/wp-content\/uploads\/2025\/10\/bla@300x-edited-768x543.png 768w, https:\/\/auso26.ch\/wp-content\/uploads\/2025\/10\/bla@300x-edited-1536x1086.png 1536w, https:\/\/auso26.ch\/wp-content\/uploads\/2025\/10\/bla@300x-edited-2048x1448.png 2048w\" sizes=\"auto, (max-width: 2560px) 100vw, 2560px\" \/><\/figure>\n\n\n\n<figure class=\"wp-block-image size-full is-resized\"><img loading=\"lazy\" decoding=\"async\" width=\"804\" height=\"367\" src=\"https:\/\/auso26.ch\/wp-content\/uploads\/2025\/10\/konolf.png\" alt=\"\" class=\"wp-image-334\" style=\"width:103px;height:auto\" srcset=\"https:\/\/auso26.ch\/wp-content\/uploads\/2025\/10\/konolf.png 804w, https:\/\/auso26.ch\/wp-content\/uploads\/2025\/10\/konolf-300x137.png 300w, https:\/\/auso26.ch\/wp-content\/uploads\/2025\/10\/konolf-768x351.png 768w\" sizes=\"auto, (max-width: 804px) 100vw, 804px\" \/><\/figure>\n\n\n\n<figure class=\"wp-block-image size-large is-resized\"><img loading=\"lazy\" decoding=\"async\" width=\"1024\" height=\"725\" src=\"https:\/\/auso26.ch\/wp-content\/uploads\/2025\/10\/worb-1024x725.png\" alt=\"\" class=\"wp-image-335\" style=\"width:86px;height:auto\" srcset=\"https:\/\/auso26.ch\/wp-content\/uploads\/2025\/10\/worb-1024x725.png 1024w, https:\/\/auso26.ch\/wp-content\/uploads\/2025\/10\/worb-300x212.png 300w, https:\/\/auso26.ch\/wp-content\/uploads\/2025\/10\/worb-768x544.png 768w, https:\/\/auso26.ch\/wp-content\/uploads\/2025\/10\/worb-1536x1087.png 1536w, https:\/\/auso26.ch\/wp-content\/uploads\/2025\/10\/worb-2048x1449.png 2048w\" sizes=\"auto, (max-width: 1024px) 100vw, 1024px\" \/><\/figure>\n\n\n\n<figure class=\"wp-block-image size-large is-resized\"><img loading=\"lazy\" decoding=\"async\" width=\"1024\" height=\"318\" src=\"https:\/\/auso26.ch\/wp-content\/uploads\/2025\/10\/howacht-1024x318.png\" alt=\"\" class=\"wp-image-333\" style=\"width:162px;height:auto\" srcset=\"https:\/\/auso26.ch\/wp-content\/uploads\/2025\/10\/howacht-1024x318.png 1024w, https:\/\/auso26.ch\/wp-content\/uploads\/2025\/10\/howacht-300x93.png 300w, https:\/\/auso26.ch\/wp-content\/uploads\/2025\/10\/howacht-768x238.png 768w, https:\/\/auso26.ch\/wp-content\/uploads\/2025\/10\/howacht-1536x476.png 1536w, https:\/\/auso26.ch\/wp-content\/uploads\/2025\/10\/howacht-2048x635.png 2048w\" sizes=\"auto, (max-width: 1024px) 100vw, 1024px\" \/><\/figure>\n<\/div>\n<\/div>\n\n\n\n<div style=\"height:0px\" aria-hidden=\"true\" class=\"wp-block-spacer\"><\/div>\n\n\n\n<p class=\"has-text-align-center\">Instagram:<\/p>\n\n\n\n<div class=\"wp-block-group has-global-padding is-content-justification-center is-layout-constrained wp-block-group-is-layout-constrained\">\n<h2 class=\"wp-block-heading has-text-align-left is-style-text-annotation has-large-font-size is-style-text-annotation--18\"><a href=\"https:\/\/www.instagram.com\/auso_2026\/\" data-type=\"link\" data-id=\"https:\/\/www.instagram.com\/auso_2026\/\">@auso_26<\/a><\/h2>\n<\/div>\n\n\n\n<div style=\"height:8px\" aria-hidden=\"true\" class=\"wp-block-spacer\"><\/div>\n\n\n\n<p class=\"has-text-align-center\">Infos f\u00fcr Leitpersonen: <\/p>\n\n\n\n<div class=\"wp-block-group has-global-padding is-content-justification-center is-layout-constrained wp-block-group-is-layout-constrained\">\n<h2 class=\"wp-block-heading has-text-align-left is-style-text-annotation has-large-font-size is-style-text-annotation--19\"><a href=\"https:\/\/leitende.auso26.ch\" data-type=\"link\" data-id=\"https:\/\/leitende.auso26.ch\">Wiki<\/a><\/h2>\n<\/div>\n\n\n\n<div style=\"height:8px\" aria-hidden=\"true\" class=\"wp-block-spacer\"><\/div>\n<\/div>\n\n\n\n<p class=\"has-text-align-center\">Copyright \u00a9 2025&nbsp;<a href=\"https:\/\/www.auso26.ch\/\" data-type=\"link\" data-id=\"https:\/\/www.auso26.ch\/\">AuSo26<\/a>. All Rights Reserved.<\/p>\n","protected":false},"excerpt":{"rendered":"<p>Aktuelle News Anmeldung Atelierhikes Das AuSo kommt immer n\u00e4her &#8211; yuhuuu Schaut euch die Atelierausschreibung an und meldet euch an! PDF Atelierausschreibung \u00dcber folgenden Link kannst du dich anmelden: Anmeldung Infobriefe Alle bisherig verschickten Infobriefe findest du nochmals hier zum Anschauen:&nbsp; 24.03.25 Info 1 14.08.25 Info 2 01.10.25 Info 3 26.01.26 Info 4 Infoanlass Am [&hellip;]<\/p>\n","protected":false},"author":2,"featured_media":136,"parent":0,"menu_order":0,"comment_status":"closed","ping_status":"closed","template":"","meta":{"footnotes":""},"class_list":["post-115","page","type-page","status-publish","has-post-thumbnail","hentry"],"_links":{"self":[{"href":"https:\/\/auso26.ch\/index.php?rest_route=\/wp\/v2\/pages\/115","targetHints":{"allow":["GET"]}}],"collection":[{"href":"https:\/\/auso26.ch\/index.php?rest_route=\/wp\/v2\/pages"}],"about":[{"href":"https:\/\/auso26.ch\/index.php?rest_route=\/wp\/v2\/types\/page"}],"author":[{"embeddable":true,"href":"https:\/\/auso26.ch\/index.php?rest_route=\/wp\/v2\/users\/2"}],"replies":[{"embeddable":true,"href":"https:\/\/auso26.ch\/index.php?rest_route=%2Fwp%2Fv2%2Fcomments&post=115"}],"version-history":[{"count":51,"href":"https:\/\/auso26.ch\/index.php?rest_route=\/wp\/v2\/pages\/115\/revisions"}],"predecessor-version":[{"id":424,"href":"https:\/\/auso26.ch\/index.php?rest_route=\/wp\/v2\/pages\/115\/revisions\/424"}],"wp:featuredmedia":[{"embeddable":true,"href":"https:\/\/auso26.ch\/index.php?rest_route=\/wp\/v2\/media\/136"}],"wp:attachment":[{"href":"https:\/\/auso26.ch\/index.php?rest_route=%2Fwp%2Fv2%2Fmedia&parent=115"}],"curies":[{"name":"wp","href":"https:\/\/api.w.org\/{rel}","templated":true}]}}